{"id":21,"date":"2022-02-02T11:03:46","date_gmt":"2022-02-02T11:03:46","guid":{"rendered":"https:\/\/ionogenic.com\/?page_id=21"},"modified":"2023-10-10T09:16:33","modified_gmt":"2023-10-10T09:16:33","slug":"about-us","status":"publish","type":"page","link":"https:\/\/ionogenic.com\/br\/about-us\/","title":{"rendered":"Sobre N\u00f3s"},"content":{"rendered":"<p>Bem-vindo ao <a href=\"https:\/\/ionogenic.com\/br\/\" target=\"_blank\" rel=\"noopener\"><em><strong>Ionogenic.com<\/strong><\/em><\/a>, sua principal fonte das \u00faltimas tend\u00eancias em tecnologia e gadgets. Na Ionogenic, nos dedicamos a fornecer informa\u00e7\u00f5es perspicazes e atualizadas sobre o mundo da tecnologia em constante evolu\u00e7\u00e3o.<\/p>\n<p>Nossa miss\u00e3o \u00e9 simples, mas significativa: tornar-se seu guia para todas as coisas relacionadas a not\u00edcias de tecnologia e tend\u00eancias sobre novos gadgets. Num mundo acelerado onde a inova\u00e7\u00e3o nunca descansa, manter-se informado \u00e9 fundamental e \u00e9 a\u00ed que entramos.<\/p>\n<p>Somos apaixonados por explorar os desenvolvimentos de ponta na ind\u00fastria de tecnologia e compartilhar nossas descobertas com voc\u00ea. Quer se trate do smartphone mais recente, da tecnologia inovadora de IA ou dos avan\u00e7os revolucion\u00e1rios em dispositivos vest\u00edveis, a Ionogenic est\u00e1 comprometida em fornecer conte\u00fado abrangente, imparcial e envolvente.<\/p>\n<p>Junte-se a n\u00f3s nesta jornada emocionante enquanto nos aprofundamos no reino da inova\u00e7\u00e3o, ajudando voc\u00ea a navegar no cen\u00e1rio din\u00e2mico da tecnologia e dos gadgets. Quer voc\u00ea seja um entusiasta da tecnologia, um consumidor curioso ou algu\u00e9m em busca de insights sobre o futuro da tecnologia, Ionogenic.com est\u00e1 aqui para capacit\u00e1-lo com conhecimento e inspira\u00e7\u00e3o.<\/p>\n<p>Obrigado por escolher a Ionogenic como sua fonte confi\u00e1vel de not\u00edcias de tecnologia e tend\u00eancias de gadgets. Juntos, exploraremos as possibilidades ilimitadas que a tecnologia oferece e ficaremos \u00e0 frente da curva.<\/p>\n","protected":false},"excerpt":{"rendered":"<p>Bem-vindo ao Ionogenic.com, sua principal fonte das \u00faltimas tend\u00eancias em tecnologia e gadgets. Na Ionogenic, nos dedicamos a fornecer informa\u00e7\u00f5es perspicazes e atualizadas sobre o mundo da tecnologia em constante&hellip;<\/p>\n","protected":false},"author":1,"featured_media":0,"parent":0,"menu_order":0,"comment_status":"closed","ping_status":"closed","template":"","meta":{"footnotes":""},"class_list":["post-21","page","type-page","status-publish"],"_links":{"self":[{"href":"https:\/\/ionogenic.com\/br\/wp-json\/wp\/v2\/pages\/21","targetHints":{"allow":["GET"]}}],"collection":[{"href":"https:\/\/ionogenic.com\/br\/wp-json\/wp\/v2\/pages"}],"about":[{"href":"https:\/\/ionogenic.com\/br\/wp-json\/wp\/v2\/types\/page"}],"author":[{"embeddable":true,"href":"https:\/\/ionogenic.com\/br\/wp-json\/wp\/v2\/users\/1"}],"replies":[{"embeddable":true,"href":"https:\/\/ionogenic.com\/br\/wp-json\/wp\/v2\/comments?post=21"}],"version-history":[{"count":8,"href":"https:\/\/ionogenic.com\/br\/wp-json\/wp\/v2\/pages\/21\/revisions"}],"predecessor-version":[{"id":591,"href":"https:\/\/ionogenic.com\/br\/wp-json\/wp\/v2\/pages\/21\/revisions\/591"}],"wp:attachment":[{"href":"https:\/\/ionogenic.com\/br\/wp-json\/wp\/v2\/media?parent=21"}],"curies":[{"name":"wp","href":"https:\/\/api.w.org\/{rel}","templated":true}]}}